{"id":13,"date":"2026-04-04T00:17:46","date_gmt":"2026-04-04T03:17:46","guid":{"rendered":"https:\/\/kenkedelicias.com.br\/index.php\/loja\/"},"modified":"2026-04-13T22:39:04","modified_gmt":"2026-04-14T01:39:04","slug":"loja","status":"publish","type":"page","link":"https:\/\/kenkedelicias.com.br\/index.php\/loja\/","title":{"rendered":"Loja"},"content":{"rendered":"\t\t<div data-elementor-type=\"wp-page\" data-elementor-id=\"13\" class=\"elementor elementor-13\" data-elementor-post-type=\"page\">\n\t\t\t\t\t\t<section class=\"elementor-section elementor-top-section elementor-element elementor-element-4a2d6de8 elementor-section-boxed elementor-section-height-default elementor-section-height-default wpr-particle-no wpr-jarallax-no wpr-parallax-no wpr-sticky-section-no wpr-equal-height-no\" data-id=\"4a2d6de8\" data-element_type=\"section\" data-e-type=\"section\" data-settings=\"{&quot;background_background&quot;:&quot;classic&quot;,&quot;sticky&quot;:&quot;top&quot;,&quot;sticky_on&quot;:[&quot;desktop&quot;,&quot;tablet&quot;,&quot;mobile&quot;],&quot;sticky_offset&quot;:0,&quot;sticky_effects_offset&quot;:0,&quot;sticky_anchor_link_offset&quot;:0}\">\n\t\t\t\t\t\t<div class=\"elementor-container elementor-column-gap-default\">\n\t\t\t\t\t<div class=\"elementor-column elementor-col-33 elementor-top-column elementor-element elementor-element-58361d5c\" data-id=\"58361d5c\" data-element_type=\"column\" data-e-type=\"column\">\n\t\t\t<div class=\"elementor-widget-wrap elementor-element-populated\">\n\t\t\t\t\t\t<div class=\"elementor-element elementor-element-6fbb77b8 elementor-widget__width-initial elementor-widget elementor-widget-image\" data-id=\"6fbb77b8\" data-element_type=\"widget\" data-e-type=\"widget\" data-widget_type=\"image.default\">\n\t\t\t\t<div class=\"elementor-widget-container\">\n\t\t\t\t\t\t\t\t\t\t\t\t\t\t\t<img decoding=\"async\" width=\"200\" height=\"133\" src=\"https:\/\/kenkedelicias.com.br\/wp-content\/uploads\/2026\/04\/cropped-cropped-Logo-Delicias-1-e1775945544159.png\" class=\"attachment-large size-large wp-image-4282\" alt=\"\" \/>\t\t\t\t\t\t\t\t\t\t\t\t\t\t\t<\/div>\n\t\t\t\t<\/div>\n\t\t\t\t\t<\/div>\n\t\t<\/div>\n\t\t\t\t<div class=\"elementor-column elementor-col-33 elementor-top-column elementor-element elementor-element-7e7dd00b\" data-id=\"7e7dd00b\" data-element_type=\"column\" data-e-type=\"column\">\n\t\t\t<div class=\"elementor-widget-wrap elementor-element-populated\">\n\t\t\t\t\t\t<div class=\"elementor-element elementor-element-770c1c98 elementor-nav-menu__align-center elementor-nav-menu--dropdown-tablet elementor-nav-menu__text-align-aside elementor-nav-menu--toggle elementor-nav-menu--burger elementor-widget elementor-widget-nav-menu\" data-id=\"770c1c98\" data-element_type=\"widget\" data-e-type=\"widget\" data-settings=\"{&quot;layout&quot;:&quot;horizontal&quot;,&quot;submenu_icon&quot;:{&quot;value&quot;:&quot;&lt;i class=\\&quot;fas fa-caret-down\\&quot; aria-hidden=\\&quot;true\\&quot;&gt;&lt;\\\/i&gt;&quot;,&quot;library&quot;:&quot;fa-solid&quot;},&quot;toggle&quot;:&quot;burger&quot;}\" data-widget_type=\"nav-menu.default\">\n\t\t\t\t<div class=\"elementor-widget-container\">\n\t\t\t\t\t\t\t\t<nav aria-label=\"Menu\" class=\"elementor-nav-menu--main elementor-nav-menu__container elementor-nav-menu--layout-horizontal e--pointer-underline e--animation-fade\">\n\t\t\t\t<ul id=\"menu-1-770c1c98\" class=\"elementor-nav-menu\"><li class=\"menu-item menu-item-type-custom menu-item-object-custom menu-item-home menu-item-4235\"><a href=\"https:\/\/kenkedelicias.com.br\/#inicio\" class=\"elementor-item elementor-item-anchor\">In\u00edcio<\/a><\/li>\n<li class=\"menu-item menu-item-type-custom menu-item-object-custom menu-item-home menu-item-4236\"><a href=\"https:\/\/kenkedelicias.com.br\/#produtos\" class=\"elementor-item elementor-item-anchor\">Produtos<\/a><\/li>\n<li class=\"menu-item menu-item-type-custom menu-item-object-custom menu-item-home menu-item-4237\"><a href=\"https:\/\/kenkedelicias.com.br\/#quemsomos\" class=\"elementor-item elementor-item-anchor\">Quem Somos<\/a><\/li>\n<li class=\"menu-item menu-item-type-custom menu-item-object-custom menu-item-home menu-item-4238\"><a href=\"https:\/\/kenkedelicias.com.br\/#faleconosco\" class=\"elementor-item elementor-item-anchor\">Fale Conosco<\/a><\/li>\n<\/ul>\t\t\t<\/nav>\n\t\t\t\t\t<div class=\"elementor-menu-toggle\" role=\"button\" tabindex=\"0\" aria-label=\"Menu Toggle\" aria-expanded=\"false\">\n\t\t\t<i aria-hidden=\"true\" role=\"presentation\" class=\"elementor-menu-toggle__icon--open eicon-menu-bar\"><\/i><i aria-hidden=\"true\" role=\"presentation\" class=\"elementor-menu-toggle__icon--close eicon-close\"><\/i>\t\t<\/div>\n\t\t\t\t\t<nav class=\"elementor-nav-menu--dropdown elementor-nav-menu__container\" aria-hidden=\"true\">\n\t\t\t\t<ul id=\"menu-2-770c1c98\" class=\"elementor-nav-menu\"><li class=\"menu-item menu-item-type-custom menu-item-object-custom menu-item-home menu-item-4235\"><a href=\"https:\/\/kenkedelicias.com.br\/#inicio\" class=\"elementor-item elementor-item-anchor\" tabindex=\"-1\">In\u00edcio<\/a><\/li>\n<li class=\"menu-item menu-item-type-custom menu-item-object-custom menu-item-home menu-item-4236\"><a href=\"https:\/\/kenkedelicias.com.br\/#produtos\" class=\"elementor-item elementor-item-anchor\" tabindex=\"-1\">Produtos<\/a><\/li>\n<li class=\"menu-item menu-item-type-custom menu-item-object-custom menu-item-home menu-item-4237\"><a href=\"https:\/\/kenkedelicias.com.br\/#quemsomos\" class=\"elementor-item elementor-item-anchor\" tabindex=\"-1\">Quem Somos<\/a><\/li>\n<li class=\"menu-item menu-item-type-custom menu-item-object-custom menu-item-home menu-item-4238\"><a href=\"https:\/\/kenkedelicias.com.br\/#faleconosco\" class=\"elementor-item elementor-item-anchor\" tabindex=\"-1\">Fale Conosco<\/a><\/li>\n<\/ul>\t\t\t<\/nav>\n\t\t\t\t\t\t<\/div>\n\t\t\t\t<\/div>\n\t\t\t\t\t<\/div>\n\t\t<\/div>\n\t\t\t\t<div class=\"elementor-column elementor-col-33 elementor-top-column elementor-element elementor-element-2a3b0b24\" data-id=\"2a3b0b24\" data-element_type=\"column\" data-e-type=\"column\">\n\t\t\t<div class=\"elementor-widget-wrap elementor-element-populated\">\n\t\t\t\t\t\t<div class=\"elementor-element elementor-element-44d902f elementor-align-center elementor-widget elementor-widget-button\" data-id=\"44d902f\" data-element_type=\"widget\" data-e-type=\"widget\" data-widget_type=\"button.default\">\n\t\t\t\t<div class=\"elementor-widget-container\">\n\t\t\t\t\t\t\t\t\t<div class=\"elementor-button-wrapper\">\n\t\t\t\t\t<a class=\"elementor-button elementor-button-link elementor-size-sm\" href=\"https:\/\/w.app\/kenkedelicias\" target=\"_blank\">\n\t\t\t\t\t\t<span class=\"elementor-button-content-wrapper\">\n\t\t\t\t\t\t<span class=\"elementor-button-icon\">\n\t\t\t\t<i aria-hidden=\"true\" class=\"fab fa-whatsapp\"><\/i>\t\t\t<\/span>\n\t\t\t\t\t\t\t\t\t<span class=\"elementor-button-text\">WhastApp<\/span>\n\t\t\t\t\t<\/span>\n\t\t\t\t\t<\/a>\n\t\t\t\t<\/div>\n\t\t\t\t\t\t\t\t<\/div>\n\t\t\t\t<\/div>\n\t\t\t\t\t<\/div>\n\t\t<\/div>\n\t\t\t\t\t<\/div>\n\t\t<\/section>\n\t\t\t\t<section class=\"elementor-section elementor-top-section elementor-element elementor-element-34a07fb elementor-section-boxed elementor-section-height-default elementor-section-height-default wpr-particle-no wpr-jarallax-no wpr-parallax-no wpr-sticky-section-no wpr-equal-height-no\" data-id=\"34a07fb\" data-element_type=\"section\" data-e-type=\"section\">\n\t\t\t\t\t\t<div class=\"elementor-container elementor-column-gap-default\">\n\t\t\t\t\t<div class=\"elementor-column elementor-col-100 elementor-top-column elementor-element elementor-element-37b9787\" data-id=\"37b9787\" data-element_type=\"column\" data-e-type=\"column\">\n\t\t\t<div class=\"elementor-widget-wrap elementor-element-populated\">\n\t\t\t\t\t\t<div class=\"elementor-element elementor-element-fe09cd2 elementor-widget elementor-widget-heading\" data-id=\"fe09cd2\" data-element_type=\"widget\" data-e-type=\"widget\" data-widget_type=\"heading.default\">\n\t\t\t\t<div class=\"elementor-widget-container\">\n\t\t\t\t\t<h2 class=\"elementor-heading-title elementor-size-default\">Navegue pelas Categorias<\/h2>\t\t\t\t<\/div>\n\t\t\t\t<\/div>\n\t\t\t\t\t<\/div>\n\t\t<\/div>\n\t\t\t\t\t<\/div>\n\t\t<\/section>\n\t\t\t\t<section class=\"elementor-section elementor-top-section elementor-element elementor-element-4aea272 elementor-section-boxed elementor-section-height-default elementor-section-height-default wpr-particle-no wpr-jarallax-no wpr-parallax-no wpr-sticky-section-no wpr-equal-height-no\" data-id=\"4aea272\" data-element_type=\"section\" data-e-type=\"section\">\n\t\t\t\t\t\t<div class=\"elementor-container elementor-column-gap-default\">\n\t\t\t\t\t<div class=\"elementor-column elementor-col-100 elementor-top-column elementor-element elementor-element-59415a1\" data-id=\"59415a1\" data-element_type=\"column\" data-e-type=\"column\">\n\t\t\t<div class=\"elementor-widget-wrap elementor-element-populated\">\n\t\t\t\t\t\t<div class=\"elementor-element elementor-element-40265b1 elementor-grid-4 elementor-grid-tablet-3 elementor-grid-mobile-2 elementor-products-grid elementor-wc-products elementor-widget elementor-widget-wc-categories\" data-id=\"40265b1\" data-element_type=\"widget\" data-e-type=\"widget\" data-widget_type=\"wc-categories.default\">\n\t\t\t\t<div class=\"elementor-widget-container\">\n\t\t\t\t\t<div class=\"woocommerce columns-4\"><ul class=\"products elementor-grid columns-4\">\n<li class=\"product-category product first\">\n\t<a aria-label=\"Visite a categoria de produto Bombons\" href=\"https:\/\/kenkedelicias.com.br\/index.php\/categoria-produto\/bombons\/\"><img fetchpriority=\"high\" decoding=\"async\" src=\"https:\/\/kenkedelicias.com.br\/wp-content\/uploads\/2026\/04\/icone_bombons_embalagem-300x300.png\" alt=\"Bombons\" width=\"300\" height=\"300\" srcset=\"https:\/\/kenkedelicias.com.br\/wp-content\/uploads\/2026\/04\/icone_bombons_embalagem-300x300.png 300w, https:\/\/kenkedelicias.com.br\/wp-content\/uploads\/2026\/04\/icone_bombons_embalagem-768x768.png 768w, https:\/\/kenkedelicias.com.br\/wp-content\/uploads\/2026\/04\/icone_bombons_embalagem-150x150.png 150w, https:\/\/kenkedelicias.com.br\/wp-content\/uploads\/2026\/04\/icone_bombons_embalagem-700x700.png 700w, https:\/\/kenkedelicias.com.br\/wp-content\/uploads\/2026\/04\/icone_bombons_embalagem-600x600.png 600w, https:\/\/kenkedelicias.com.br\/wp-content\/uploads\/2026\/04\/icone_bombons_embalagem-100x100.png 100w, https:\/\/kenkedelicias.com.br\/wp-content\/uploads\/2026\/04\/icone_bombons_embalagem.png 1024w\" sizes=\"(max-width: 300px) 100vw, 300px\" \/>\t\t<h2 class=\"woocommerce-loop-category__title\">\n\t\t\tBombons <mark class=\"count\">(1)<\/mark>\t\t<\/h2>\n\t\t<\/a><\/li>\n<li class=\"product-category product\">\n\t<a aria-label=\"Visite a categoria de produto Bolos\" href=\"https:\/\/kenkedelicias.com.br\/index.php\/categoria-produto\/bolos\/\"><img decoding=\"async\" src=\"https:\/\/kenkedelicias.com.br\/wp-content\/uploads\/2026\/04\/icone_pao_de_mel_embalagem-300x300.png\" alt=\"Bolos\" width=\"300\" height=\"300\" srcset=\"https:\/\/kenkedelicias.com.br\/wp-content\/uploads\/2026\/04\/icone_pao_de_mel_embalagem-300x300.png 300w, https:\/\/kenkedelicias.com.br\/wp-content\/uploads\/2026\/04\/icone_pao_de_mel_embalagem-768x768.png 768w, https:\/\/kenkedelicias.com.br\/wp-content\/uploads\/2026\/04\/icone_pao_de_mel_embalagem-150x150.png 150w, https:\/\/kenkedelicias.com.br\/wp-content\/uploads\/2026\/04\/icone_pao_de_mel_embalagem-700x700.png 700w, https:\/\/kenkedelicias.com.br\/wp-content\/uploads\/2026\/04\/icone_pao_de_mel_embalagem-600x600.png 600w, https:\/\/kenkedelicias.com.br\/wp-content\/uploads\/2026\/04\/icone_pao_de_mel_embalagem-100x100.png 100w, https:\/\/kenkedelicias.com.br\/wp-content\/uploads\/2026\/04\/icone_pao_de_mel_embalagem.png 1024w\" sizes=\"(max-width: 300px) 100vw, 300px\" \/>\t\t<h2 class=\"woocommerce-loop-category__title\">\n\t\t\tBolos <mark class=\"count\">(1)<\/mark>\t\t<\/h2>\n\t\t<\/a><\/li>\n<li class=\"product-category product\">\n\t<a aria-label=\"Visite a categoria de produto Barras\" href=\"https:\/\/kenkedelicias.com.br\/index.php\/categoria-produto\/barras\/\"><img loading=\"lazy\" decoding=\"async\" src=\"https:\/\/kenkedelicias.com.br\/wp-content\/uploads\/2026\/04\/Barrinha-de-chocolate-300x300.png\" alt=\"Barras\" width=\"300\" height=\"300\" srcset=\"https:\/\/kenkedelicias.com.br\/wp-content\/uploads\/2026\/04\/Barrinha-de-chocolate-300x300.png 300w, https:\/\/kenkedelicias.com.br\/wp-content\/uploads\/2026\/04\/Barrinha-de-chocolate-150x150.png 150w, https:\/\/kenkedelicias.com.br\/wp-content\/uploads\/2026\/04\/Barrinha-de-chocolate-700x700.png 700w, https:\/\/kenkedelicias.com.br\/wp-content\/uploads\/2026\/04\/Barrinha-de-chocolate-100x100.png 100w\" sizes=\"(max-width: 300px) 100vw, 300px\" \/>\t\t<h2 class=\"woocommerce-loop-category__title\">\n\t\t\tBarras <mark class=\"count\">(1)<\/mark>\t\t<\/h2>\n\t\t<\/a><\/li>\n<li class=\"product-category product last\">\n\t<a aria-label=\"Visite a categoria de produto Balas\" href=\"https:\/\/kenkedelicias.com.br\/index.php\/categoria-produto\/balas\/\"><img loading=\"lazy\" decoding=\"async\" src=\"https:\/\/kenkedelicias.com.br\/wp-content\/uploads\/2026\/04\/balas-300x300.png\" alt=\"Balas\" width=\"300\" height=\"300\" srcset=\"https:\/\/kenkedelicias.com.br\/wp-content\/uploads\/2026\/04\/balas-300x300.png 300w, https:\/\/kenkedelicias.com.br\/wp-content\/uploads\/2026\/04\/balas-150x150.png 150w, https:\/\/kenkedelicias.com.br\/wp-content\/uploads\/2026\/04\/balas-700x700.png 700w, https:\/\/kenkedelicias.com.br\/wp-content\/uploads\/2026\/04\/balas-100x100.png 100w\" sizes=\"(max-width: 300px) 100vw, 300px\" \/>\t\t<h2 class=\"woocommerce-loop-category__title\">\n\t\t\tBalas <mark class=\"count\">(1)<\/mark>\t\t<\/h2>\n\t\t<\/a><\/li>\n<\/ul>\n<\/div>\t\t\t\t<\/div>\n\t\t\t\t<\/div>\n\t\t\t\t\t<\/div>\n\t\t<\/div>\n\t\t\t\t\t<\/div>\n\t\t<\/section>\n\t\t\t\t<section class=\"elementor-section elementor-top-section elementor-element elementor-element-5a9aed7 elementor-section-boxed elementor-section-height-default elementor-section-height-default wpr-particle-no wpr-jarallax-no wpr-parallax-no wpr-sticky-section-no wpr-equal-height-no\" data-id=\"5a9aed7\" data-element_type=\"section\" data-e-type=\"section\">\n\t\t\t\t\t\t<div class=\"elementor-container elementor-column-gap-default\">\n\t\t\t\t\t<div class=\"elementor-column elementor-col-100 elementor-top-column elementor-element elementor-element-d65bf65\" data-id=\"d65bf65\" data-element_type=\"column\" data-e-type=\"column\">\n\t\t\t<div class=\"elementor-widget-wrap elementor-element-populated\">\n\t\t\t\t\t\t<div class=\"elementor-element elementor-element-9bb4941 elementor-widget elementor-widget-spacer\" data-id=\"9bb4941\" data-element_type=\"widget\" data-e-type=\"widget\" data-widget_type=\"spacer.default\">\n\t\t\t\t<div class=\"elementor-widget-container\">\n\t\t\t\t\t\t\t<div class=\"elementor-spacer\">\n\t\t\t<div class=\"elementor-spacer-inner\"><\/div>\n\t\t<\/div>\n\t\t\t\t\t\t<\/div>\n\t\t\t\t<\/div>\n\t\t\t\t\t<\/div>\n\t\t<\/div>\n\t\t\t\t\t<\/div>\n\t\t<\/section>\n\t\t\t\t<section class=\"elementor-section elementor-top-section elementor-element elementor-element-11df3b32 elementor-section-full_width elementor-section-stretched elementor-section-height-default elementor-section-height-default wpr-particle-no wpr-jarallax-no wpr-parallax-no wpr-sticky-section-no wpr-equal-height-no\" data-id=\"11df3b32\" data-element_type=\"section\" data-e-type=\"section\" data-settings=\"{&quot;stretch_section&quot;:&quot;section-stretched&quot;,&quot;background_background&quot;:&quot;classic&quot;}\">\n\t\t\t\t\t\t<div class=\"elementor-container elementor-column-gap-default\">\n\t\t\t\t\t<div class=\"elementor-column elementor-col-33 elementor-top-column elementor-element elementor-element-51ea7a05\" data-id=\"51ea7a05\" data-element_type=\"column\" data-e-type=\"column\">\n\t\t\t<div class=\"elementor-widget-wrap elementor-element-populated\">\n\t\t\t\t\t\t<div class=\"elementor-element elementor-element-1092ce83 elementor-widget elementor-widget-image\" data-id=\"1092ce83\" data-element_type=\"widget\" data-e-type=\"widget\" data-widget_type=\"image.default\">\n\t\t\t\t<div class=\"elementor-widget-container\">\n\t\t\t\t\t\t\t\t\t\t\t\t\t\t\t<img decoding=\"async\" width=\"200\" height=\"133\" src=\"https:\/\/kenkedelicias.com.br\/wp-content\/uploads\/2026\/04\/cropped-cropped-Logo-Delicias-1-e1775945544159.png\" class=\"attachment-large size-large wp-image-4282\" alt=\"\" \/>\t\t\t\t\t\t\t\t\t\t\t\t\t\t\t<\/div>\n\t\t\t\t<\/div>\n\t\t\t\t<div class=\"elementor-element elementor-element-67aabb6c elementor-widget elementor-widget-heading\" data-id=\"67aabb6c\" data-element_type=\"widget\" data-e-type=\"widget\" data-widget_type=\"heading.default\">\n\t\t\t\t<div class=\"elementor-widget-container\">\n\t\t\t\t\t<h5 class=\"elementor-heading-title elementor-size-default\">Nossa Hist\u00f3ria<\/h5>\t\t\t\t<\/div>\n\t\t\t\t<\/div>\n\t\t\t\t<div class=\"elementor-element elementor-element-3f5fc265 elementor-widget elementor-widget-text-editor\" data-id=\"3f5fc265\" data-element_type=\"widget\" data-e-type=\"widget\" data-widget_type=\"text-editor.default\">\n\t\t\t\t<div class=\"elementor-widget-container\">\n\t\t\t\t\t\t\t\t\t<p>Kenk\u00e9 \u00e9 uma empresa familiar fundada em 2011 e o nome foi criado devido a o jarg\u00e3o \u201cKenk\u00e9 \u201d bastante utilizado pela Dona Rose na \u00e9poca e acabou virando<br \/>Marca.. desde ent\u00e3o , a produ\u00e7\u00e3o dos Doces e Produtos personalizados vem sendo preparados com muito carinho pra voc\u00ea.<\/p>\t\t\t\t\t\t\t\t<\/div>\n\t\t\t\t<\/div>\n\t\t\t\t\t<\/div>\n\t\t<\/div>\n\t\t\t\t<div class=\"elementor-column elementor-col-33 elementor-top-column elementor-element elementor-element-4a6e2f7e\" data-id=\"4a6e2f7e\" data-element_type=\"column\" data-e-type=\"column\">\n\t\t\t<div class=\"elementor-widget-wrap elementor-element-populated\">\n\t\t\t\t\t\t<div class=\"elementor-element elementor-element-7adb475a elementor-widget elementor-widget-heading\" data-id=\"7adb475a\" data-element_type=\"widget\" data-e-type=\"widget\" data-widget_type=\"heading.default\">\n\t\t\t\t<div class=\"elementor-widget-container\">\n\t\t\t\t\t<h5 class=\"elementor-heading-title elementor-size-default\">Precisa de Ajuda?<\/h5>\t\t\t\t<\/div>\n\t\t\t\t<\/div>\n\t\t\t\t<div class=\"elementor-element elementor-element-395b51a7 elementor-widget elementor-widget-heading\" data-id=\"395b51a7\" data-element_type=\"widget\" data-e-type=\"widget\" data-widget_type=\"heading.default\">\n\t\t\t\t<div class=\"elementor-widget-container\">\n\t\t\t\t\t<h3 class=\"elementor-heading-title elementor-size-default\">(11) 993919947<\/h3>\t\t\t\t<\/div>\n\t\t\t\t<\/div>\n\t\t\t\t<div class=\"elementor-element elementor-element-64dfd125 elementor-widget elementor-widget-heading\" data-id=\"64dfd125\" data-element_type=\"widget\" data-e-type=\"widget\" data-widget_type=\"heading.default\">\n\t\t\t\t<div class=\"elementor-widget-container\">\n\t\t\t\t\t<h6 class=\"elementor-heading-title elementor-size-default\">Segunda \u2013 Sexta: 9:00-18:00\n\nS\u00e1bado: 09:00 \u2013 14:00<\/h6>\t\t\t\t<\/div>\n\t\t\t\t<\/div>\n\t\t\t\t<div class=\"elementor-element elementor-element-4a63a698 elementor-widget elementor-widget-heading\" data-id=\"4a63a698\" data-element_type=\"widget\" data-e-type=\"widget\" data-widget_type=\"heading.default\">\n\t\t\t\t<div class=\"elementor-widget-container\">\n\t\t\t\t\t<h6 class=\"elementor-heading-title elementor-size-default\">atendimento@kenkedelicias<\/h6>\t\t\t\t<\/div>\n\t\t\t\t<\/div>\n\t\t\t\t\t<\/div>\n\t\t<\/div>\n\t\t\t\t<div class=\"elementor-column elementor-col-33 elementor-top-column elementor-element elementor-element-2c0ce6ae\" data-id=\"2c0ce6ae\" data-element_type=\"column\" data-e-type=\"column\">\n\t\t\t<div class=\"elementor-widget-wrap elementor-element-populated\">\n\t\t\t\t\t\t<div class=\"elementor-element elementor-element-689da73a elementor-widget elementor-widget-heading\" data-id=\"689da73a\" data-element_type=\"widget\" data-e-type=\"widget\" data-widget_type=\"heading.default\">\n\t\t\t\t<div class=\"elementor-widget-container\">\n\t\t\t\t\t<h5 class=\"elementor-heading-title elementor-size-default\">Siga-nos<\/h5>\t\t\t\t<\/div>\n\t\t\t\t<\/div>\n\t\t\t\t<div class=\"elementor-element elementor-element-4a365612 elementor-shape-rounded elementor-grid-0 e-grid-align-center elementor-widget elementor-widget-social-icons\" data-id=\"4a365612\" data-element_type=\"widget\" data-e-type=\"widget\" data-widget_type=\"social-icons.default\">\n\t\t\t\t<div class=\"elementor-widget-container\">\n\t\t\t\t\t\t\t<div class=\"elementor-social-icons-wrapper elementor-grid\" role=\"list\">\n\t\t\t\t\t\t\t<span class=\"elementor-grid-item\" role=\"listitem\">\n\t\t\t\t\t<a class=\"elementor-icon elementor-social-icon elementor-social-icon-facebook elementor-repeater-item-1c0e3fc\" target=\"_blank\">\n\t\t\t\t\t\t<span class=\"elementor-screen-only\">Facebook<\/span>\n\t\t\t\t\t\t<i aria-hidden=\"true\" class=\"fab fa-facebook\"><\/i>\t\t\t\t\t<\/a>\n\t\t\t\t<\/span>\n\t\t\t\t\t\t\t<span class=\"elementor-grid-item\" role=\"listitem\">\n\t\t\t\t\t<a class=\"elementor-icon elementor-social-icon elementor-social-icon-instagram elementor-repeater-item-1e14b3b\" target=\"_blank\">\n\t\t\t\t\t\t<span class=\"elementor-screen-only\">Instagram<\/span>\n\t\t\t\t\t\t<i aria-hidden=\"true\" class=\"fab fa-instagram\"><\/i>\t\t\t\t\t<\/a>\n\t\t\t\t<\/span>\n\t\t\t\t\t<\/div>\n\t\t\t\t\t\t<\/div>\n\t\t\t\t<\/div>\n\t\t\t\t\t<\/div>\n\t\t<\/div>\n\t\t\t\t\t<\/div>\n\t\t<\/section>\n\t\t\t\t<\/div>\n\t\t","protected":false},"excerpt":{"rendered":"<p>WhastApp Navegue pelas Categorias Nossa Hist\u00f3ria Kenk\u00e9 \u00e9 uma empresa familiar fundada em 2011 e o nome foi criado devido a o jarg\u00e3o \u201cKenk\u00e9 \u201d bastante utilizado pela Dona Rose na \u00e9poca e acabou virandoMarca.. desde ent\u00e3o , a produ\u00e7\u00e3o dos Doces e Produtos personalizados vem sendo preparados com muito carinho pra voc\u00ea. Precisa de Ajuda? (11) 993919947 Segunda \u2013 Sexta: 9:00-18:00 S\u00e1bado: 09:00 \u2013 14:00 atendimento@kenkedelicias Siga-nos Facebook Instagram<\/p>\n","protected":false},"author":1,"featured_media":0,"parent":0,"menu_order":0,"comment_status":"closed","ping_status":"closed","template":"elementor_canvas","meta":{"footnotes":""},"class_list":["post-13","page","type-page","status-publish","hentry"],"aioseo_notices":[],"_links":{"self":[{"href":"https:\/\/kenkedelicias.com.br\/index.php\/wp-json\/wp\/v2\/pages\/13","targetHints":{"allow":["GET"]}}],"collection":[{"href":"https:\/\/kenkedelicias.com.br\/index.php\/wp-json\/wp\/v2\/pages"}],"about":[{"href":"https:\/\/kenkedelicias.com.br\/index.php\/wp-json\/wp\/v2\/types\/page"}],"author":[{"embeddable":true,"href":"https:\/\/kenkedelicias.com.br\/index.php\/wp-json\/wp\/v2\/users\/1"}],"replies":[{"embeddable":true,"href":"https:\/\/kenkedelicias.com.br\/index.php\/wp-json\/wp\/v2\/comments?post=13"}],"version-history":[{"count":14,"href":"https:\/\/kenkedelicias.com.br\/index.php\/wp-json\/wp\/v2\/pages\/13\/revisions"}],"predecessor-version":[{"id":4470,"href":"https:\/\/kenkedelicias.com.br\/index.php\/wp-json\/wp\/v2\/pages\/13\/revisions\/4470"}],"wp:attachment":[{"href":"https:\/\/kenkedelicias.com.br\/index.php\/wp-json\/wp\/v2\/media?parent=13"}],"curies":[{"name":"wp","href":"https:\/\/api.w.org\/{rel}","templated":true}]}}