{"id":4516,"date":"2026-04-29T23:19:43","date_gmt":"2026-04-30T02:19:43","guid":{"rendered":"https:\/\/kenkedelicias.com.br\/?post_type=product&#038;p=4516"},"modified":"2026-05-01T23:58:34","modified_gmt":"2026-05-02T02:58:34","slug":"pe-de-moca","status":"publish","type":"product","link":"https:\/\/kenkedelicias.com.br\/index.php\/produto\/pe-de-moca\/","title":{"rendered":"P\u00e9 de Mo\u00e7a"},"content":{"rendered":"<p data-start=\"0\" data-end=\"130\"><strong>M\u00ednimo para gerar o pedido: 500 grs\u00a0\u00a0\u00a0\u00a0 <\/strong><\/p>\n<p data-start=\"0\" data-end=\"130\">O <strong data-start=\"2\" data-end=\"16\">p\u00e9 de mo\u00e7a<\/strong> \u00e9 um doce brasileiro tradicional, muito parecido com o p\u00e9 de moleque, por\u00e9m com uma textura mais macia e cremosa.<\/p>\n<p data-start=\"132\" data-end=\"292\">Ele \u00e9 feito principalmente com <strong data-start=\"163\" data-end=\"212\">amendoim, leite condensado, a\u00e7\u00facar e manteiga<\/strong>, resultando em um doce mais suave e menos duro que o p\u00e9 de moleque tradicional.<\/p>\n","protected":false},"excerpt":{"rendered":"<p>O <strong data-start=\"2\" data-end=\"16\">p\u00e9 de mo\u00e7a<\/strong> \u00e9 um doce brasileiro tradicional, muito parecido com o p\u00e9 de moleque, por\u00e9m com uma textura mais macia e cremosa.<\/p>\n<p><strong>M\u00ednimo para gerar o pedido: 500 grs\u00a0\u00a0\u00a0\u00a0<\/strong><\/p>\n","protected":false},"featured_media":4517,"comment_status":"open","ping_status":"closed","template":"","meta":[],"product_brand":[55],"product_cat":[65],"product_tag":[],"class_list":{"0":"post-4516","1":"product","2":"type-product","3":"status-publish","4":"has-post-thumbnail","6":"product_brand-kenke-delicias","7":"product_cat-doces","9":"first","10":"onbackorder","11":"shipping-taxable","12":"purchasable","13":"product-type-simple"},"_links":{"self":[{"href":"https:\/\/kenkedelicias.com.br\/index.php\/wp-json\/wp\/v2\/product\/4516","targetHints":{"allow":["GET"]}}],"collection":[{"href":"https:\/\/kenkedelicias.com.br\/index.php\/wp-json\/wp\/v2\/product"}],"about":[{"href":"https:\/\/kenkedelicias.com.br\/index.php\/wp-json\/wp\/v2\/types\/product"}],"replies":[{"embeddable":true,"href":"https:\/\/kenkedelicias.com.br\/index.php\/wp-json\/wp\/v2\/comments?post=4516"}],"wp:featuredmedia":[{"embeddable":true,"href":"https:\/\/kenkedelicias.com.br\/index.php\/wp-json\/wp\/v2\/media\/4517"}],"wp:attachment":[{"href":"https:\/\/kenkedelicias.com.br\/index.php\/wp-json\/wp\/v2\/media?parent=4516"}],"wp:term":[{"taxonomy":"product_brand","embeddable":true,"href":"https:\/\/kenkedelicias.com.br\/index.php\/wp-json\/wp\/v2\/product_brand?post=4516"},{"taxonomy":"product_cat","embeddable":true,"href":"https:\/\/kenkedelicias.com.br\/index.php\/wp-json\/wp\/v2\/product_cat?post=4516"},{"taxonomy":"product_tag","embeddable":true,"href":"https:\/\/kenkedelicias.com.br\/index.php\/wp-json\/wp\/v2\/product_tag?post=4516"}],"curies":[{"name":"wp","href":"https:\/\/api.w.org\/{rel}","templated":true}]}}