{"id":4518,"date":"2026-04-29T23:22:57","date_gmt":"2026-04-30T02:22:57","guid":{"rendered":"https:\/\/kenkedelicias.com.br\/?post_type=product&#038;p=4518"},"modified":"2026-04-29T23:22:57","modified_gmt":"2026-04-30T02:22:57","slug":"bolachinhas-de-pao-de-mel","status":"publish","type":"product","link":"https:\/\/kenkedelicias.com.br\/index.php\/produto\/bolachinhas-de-pao-de-mel\/","title":{"rendered":"Bolachinhas de P\u00e3o de Mel"},"content":{"rendered":"<p data-start=\"0\" data-end=\"192\"><strong>M\u00ednimo 500 grs\u00a0\u00a0\u00a0\u00a0 <\/strong><\/p>\n<p data-start=\"0\" data-end=\"192\">As <strong data-start=\"3\" data-end=\"32\">bolachinhas de p\u00e3o de mel<\/strong> s\u00e3o uma vers\u00e3o menor e mais delicada do tradicional p\u00e3o de mel, combinando o sabor marcante de especiarias com uma textura macia e levemente crocante por fora.<\/p>\n<p data-start=\"194\" data-end=\"427\">Feitas com ingredientes como <strong data-start=\"223\" data-end=\"289\">mel, chocolate, a\u00e7\u00facar mascavo, farinha de trigo e especiarias<\/strong> (como canela e cravo), essas bolachinhas t\u00eam um aroma envolvente e um sabor doce com um leve toque picante, caracter\u00edstico do p\u00e3o de mel.<\/p>\n","protected":false},"excerpt":{"rendered":"<p data-start=\"0\" data-end=\"192\"><strong>M\u00ednimo 500 grs\u00a0\u00a0\u00a0\u00a0 <\/strong><\/p>\n<p data-start=\"0\" data-end=\"192\">As <strong data-start=\"3\" data-end=\"32\">bolachinhas de p\u00e3o de mel<\/strong> s\u00e3o uma vers\u00e3o menor e mais delicada do tradicional p\u00e3o de mel, combinando o sabor marcante de especiarias com uma textura macia e levemente crocante por fora.<\/p>\n","protected":false},"featured_media":4519,"comment_status":"open","ping_status":"closed","template":"","meta":[],"product_brand":[55],"product_cat":[58],"product_tag":[],"class_list":{"0":"post-4518","1":"product","2":"type-product","3":"status-publish","4":"has-post-thumbnail","6":"product_brand-kenke-delicias","7":"product_cat-barras","9":"first","10":"onbackorder","11":"shipping-taxable","12":"purchasable","13":"product-type-simple"},"_links":{"self":[{"href":"https:\/\/kenkedelicias.com.br\/index.php\/wp-json\/wp\/v2\/product\/4518","targetHints":{"allow":["GET"]}}],"collection":[{"href":"https:\/\/kenkedelicias.com.br\/index.php\/wp-json\/wp\/v2\/product"}],"about":[{"href":"https:\/\/kenkedelicias.com.br\/index.php\/wp-json\/wp\/v2\/types\/product"}],"replies":[{"embeddable":true,"href":"https:\/\/kenkedelicias.com.br\/index.php\/wp-json\/wp\/v2\/comments?post=4518"}],"wp:featuredmedia":[{"embeddable":true,"href":"https:\/\/kenkedelicias.com.br\/index.php\/wp-json\/wp\/v2\/media\/4519"}],"wp:attachment":[{"href":"https:\/\/kenkedelicias.com.br\/index.php\/wp-json\/wp\/v2\/media?parent=4518"}],"wp:term":[{"taxonomy":"product_brand","embeddable":true,"href":"https:\/\/kenkedelicias.com.br\/index.php\/wp-json\/wp\/v2\/product_brand?post=4518"},{"taxonomy":"product_cat","embeddable":true,"href":"https:\/\/kenkedelicias.com.br\/index.php\/wp-json\/wp\/v2\/product_cat?post=4518"},{"taxonomy":"product_tag","embeddable":true,"href":"https:\/\/kenkedelicias.com.br\/index.php\/wp-json\/wp\/v2\/product_tag?post=4518"}],"curies":[{"name":"wp","href":"https:\/\/api.w.org\/{rel}","templated":true}]}}