{"id":4520,"date":"2026-04-29T23:27:34","date_gmt":"2026-04-30T02:27:34","guid":{"rendered":"https:\/\/kenkedelicias.com.br\/?post_type=product&#038;p=4520"},"modified":"2026-04-29T23:27:34","modified_gmt":"2026-04-30T02:27:34","slug":"pao-de-mel-com-recheio-de-brigadeiro","status":"publish","type":"product","link":"https:\/\/kenkedelicias.com.br\/index.php\/produto\/pao-de-mel-com-recheio-de-brigadeiro\/","title":{"rendered":"P\u00e3o de Mel com Recheio de Brigadeiro"},"content":{"rendered":"<p data-start=\"0\" data-end=\"192\"><strong>M\u00ednimo 10 unidades<\/strong><\/p>\n<p data-start=\"0\" data-end=\"192\">O <strong data-start=\"2\" data-end=\"42\">p\u00e3o de mel com recheio de brigadeiro<\/strong> \u00e9 uma vers\u00e3o ainda mais irresist\u00edvel do cl\u00e1ssico doce brasileiro, combinando a massa macia e arom\u00e1tica com um recheio cremoso e intenso de chocolate.<\/p>\n<p data-start=\"194\" data-end=\"451\">Feito com <strong data-start=\"204\" data-end=\"252\">mel, chocolate, a\u00e7\u00facar mascavo e especiarias<\/strong> como canela e cravo, o p\u00e3o de mel tem uma textura \u00famida e sabor marcante. Ao ser recheado com <strong data-start=\"347\" data-end=\"361\">brigadeiro<\/strong>, ganha uma camada extra de cremosidade, deixando o doce ainda mais indulgente e saboroso.<\/p>\n","protected":false},"excerpt":{"rendered":"<p data-start=\"0\" data-end=\"192\"><strong>M\u00ednimo 10 unidades<\/strong><\/p>\n<p data-start=\"0\" data-end=\"192\">O <strong data-start=\"2\" data-end=\"42\">p\u00e3o de mel com recheio de brigadeiro<\/strong> \u00e9 uma vers\u00e3o ainda mais irresist\u00edvel do cl\u00e1ssico doce brasileiro, combinando a massa macia e arom\u00e1tica com um recheio cremoso e intenso de chocolate.<\/p>\n","protected":false},"featured_media":4521,"comment_status":"open","ping_status":"closed","template":"","meta":[],"product_brand":[55],"product_cat":[66],"product_tag":[],"class_list":{"0":"post-4520","1":"product","2":"type-product","3":"status-publish","4":"has-post-thumbnail","6":"product_brand-kenke-delicias","7":"product_cat-pao-demel","9":"first","10":"onbackorder","11":"shipping-taxable","12":"purchasable","13":"product-type-simple"},"_links":{"self":[{"href":"https:\/\/kenkedelicias.com.br\/index.php\/wp-json\/wp\/v2\/product\/4520","targetHints":{"allow":["GET"]}}],"collection":[{"href":"https:\/\/kenkedelicias.com.br\/index.php\/wp-json\/wp\/v2\/product"}],"about":[{"href":"https:\/\/kenkedelicias.com.br\/index.php\/wp-json\/wp\/v2\/types\/product"}],"replies":[{"embeddable":true,"href":"https:\/\/kenkedelicias.com.br\/index.php\/wp-json\/wp\/v2\/comments?post=4520"}],"wp:featuredmedia":[{"embeddable":true,"href":"https:\/\/kenkedelicias.com.br\/index.php\/wp-json\/wp\/v2\/media\/4521"}],"wp:attachment":[{"href":"https:\/\/kenkedelicias.com.br\/index.php\/wp-json\/wp\/v2\/media?parent=4520"}],"wp:term":[{"taxonomy":"product_brand","embeddable":true,"href":"https:\/\/kenkedelicias.com.br\/index.php\/wp-json\/wp\/v2\/product_brand?post=4520"},{"taxonomy":"product_cat","embeddable":true,"href":"https:\/\/kenkedelicias.com.br\/index.php\/wp-json\/wp\/v2\/product_cat?post=4520"},{"taxonomy":"product_tag","embeddable":true,"href":"https:\/\/kenkedelicias.com.br\/index.php\/wp-json\/wp\/v2\/product_tag?post=4520"}],"curies":[{"name":"wp","href":"https:\/\/api.w.org\/{rel}","templated":true}]}}