{"id":4525,"date":"2026-04-29T23:28:22","date_gmt":"2026-04-30T02:28:22","guid":{"rendered":"https:\/\/kenkedelicias.com.br\/?post_type=product&#038;p=4525"},"modified":"2026-04-29T23:36:20","modified_gmt":"2026-04-30T02:36:20","slug":"mini-pao-de-mel-com-recheio-de-doce-de-leite","status":"publish","type":"product","link":"https:\/\/kenkedelicias.com.br\/index.php\/produto\/mini-pao-de-mel-com-recheio-de-doce-de-leite\/","title":{"rendered":"Mini P\u00e3o de Mel com Recheio de Doce de Leite"},"content":{"rendered":"<p data-start=\"0\" data-end=\"192\"><strong>M\u00ednimo 50 unidades<\/strong><\/p>\n<p data-start=\"0\" data-end=\"175\">O <strong data-start=\"2\" data-end=\"50\">mini p\u00e3o de mel com recheio de doce de leite, brigadeiro, coco, maracuj\u00e1\u00a0 <\/strong> \u00e9 uma vers\u00e3o compacta e irresist\u00edvel do tradicional p\u00e3o de mel, perfeito para quem busca praticidade sem abrir m\u00e3o do sabor.<\/p>\n<p data-start=\"177\" data-end=\"459\">Feito com uma massa macia e arom\u00e1tica \u00e0 base de <strong data-start=\"225\" data-end=\"273\">mel, chocolate, a\u00e7\u00facar mascavo e especiarias<\/strong> como canela e cravo, ele traz um sabor marcante e aconchegante. O recheio de <strong data-start=\"351\" data-end=\"368\">doce de leite<\/strong> adiciona uma cremosidade suave e um toque caramelizado que equilibra perfeitamente o doce.<\/p>\n","protected":false},"excerpt":{"rendered":"<p data-start=\"0\" data-end=\"192\"><strong>M\u00ednimo 50 unidades<\/strong><\/p>\n<p data-start=\"0\" data-end=\"175\">O <strong data-start=\"2\" data-end=\"50\">mini p\u00e3o de mel com recheio de doce de leite, brigadeiro, coco, maracuj\u00e1\u00a0 <\/strong> \u00e9 uma vers\u00e3o compacta e irresist\u00edvel do tradicional p\u00e3o de mel, perfeito para quem busca praticidade sem abrir m\u00e3o do sabor.<\/p>\n","protected":false},"featured_media":4526,"comment_status":"open","ping_status":"closed","template":"","meta":[],"product_brand":[55],"product_cat":[66],"product_tag":[],"class_list":{"0":"post-4525","1":"product","2":"type-product","3":"status-publish","4":"has-post-thumbnail","6":"product_brand-kenke-delicias","7":"product_cat-pao-demel","9":"first","10":"onbackorder","11":"shipping-taxable","12":"purchasable","13":"product-type-simple"},"_links":{"self":[{"href":"https:\/\/kenkedelicias.com.br\/index.php\/wp-json\/wp\/v2\/product\/4525","targetHints":{"allow":["GET"]}}],"collection":[{"href":"https:\/\/kenkedelicias.com.br\/index.php\/wp-json\/wp\/v2\/product"}],"about":[{"href":"https:\/\/kenkedelicias.com.br\/index.php\/wp-json\/wp\/v2\/types\/product"}],"replies":[{"embeddable":true,"href":"https:\/\/kenkedelicias.com.br\/index.php\/wp-json\/wp\/v2\/comments?post=4525"}],"wp:featuredmedia":[{"embeddable":true,"href":"https:\/\/kenkedelicias.com.br\/index.php\/wp-json\/wp\/v2\/media\/4526"}],"wp:attachment":[{"href":"https:\/\/kenkedelicias.com.br\/index.php\/wp-json\/wp\/v2\/media?parent=4525"}],"wp:term":[{"taxonomy":"product_brand","embeddable":true,"href":"https:\/\/kenkedelicias.com.br\/index.php\/wp-json\/wp\/v2\/product_brand?post=4525"},{"taxonomy":"product_cat","embeddable":true,"href":"https:\/\/kenkedelicias.com.br\/index.php\/wp-json\/wp\/v2\/product_cat?post=4525"},{"taxonomy":"product_tag","embeddable":true,"href":"https:\/\/kenkedelicias.com.br\/index.php\/wp-json\/wp\/v2\/product_tag?post=4525"}],"curies":[{"name":"wp","href":"https:\/\/api.w.org\/{rel}","templated":true}]}}