{"id":4531,"date":"2026-04-29T23:51:51","date_gmt":"2026-04-30T02:51:51","guid":{"rendered":"https:\/\/kenkedelicias.com.br\/?post_type=product&#038;p=4531"},"modified":"2026-05-01T23:04:02","modified_gmt":"2026-05-02T02:04:02","slug":"bala-de-coco-gelada-500-gramas","status":"publish","type":"product","link":"https:\/\/kenkedelicias.com.br\/index.php\/produto\/bala-de-coco-gelada-500-gramas\/","title":{"rendered":"Bala de Coco Gelada &#8211; 500 gramas"},"content":{"rendered":"<p data-start=\"0\" data-end=\"143\">A <strong data-start=\"2\" data-end=\"33\">bala de coco gelada no pote<\/strong> \u00e9 um doce cl\u00e1ssico reinventado, perfeito para quem busca uma sobremesa pr\u00e1tica, refrescante e cheia de sabor.<\/p>\n<p data-start=\"145\" data-end=\"462\">Feita com a tradicional <strong data-start=\"169\" data-end=\"195\">bala de coco artesanal<\/strong>, macia e delicada, ela \u00e9 armazenada em pote e mantida gelada, o que real\u00e7a ainda mais sua textura suave e levemente cremosa. Ao gelar, o doce ganha uma sensa\u00e7\u00e3o mais firme por fora e extremamente macia por dentro, proporcionando uma experi\u00eancia \u00fanica a cada mordida.<\/p>\n<p data-start=\"145\" data-end=\"462\"><strong>Cont\u00e9m: 500 Gramas de Bala<\/strong><\/p>\n","protected":false},"excerpt":{"rendered":"<p>A <strong data-start=\"2\" data-end=\"33\">bala de coco gelada no pote<\/strong> \u00e9 um doce cl\u00e1ssico reinventado, perfeito para quem busca uma sobremesa pr\u00e1tica, refrescante e cheia de sabor.<\/p>\n<p><strong>Cont\u00e9m: 500 Gramas de Bala<\/strong><\/p>\n","protected":false},"featured_media":4532,"comment_status":"open","ping_status":"closed","template":"","meta":[],"product_brand":[55],"product_cat":[56],"product_tag":[],"class_list":{"0":"post-4531","1":"product","2":"type-product","3":"status-publish","4":"has-post-thumbnail","6":"product_brand-kenke-delicias","7":"product_cat-balas","9":"first","10":"onbackorder","11":"shipping-taxable","12":"purchasable","13":"product-type-simple"},"_links":{"self":[{"href":"https:\/\/kenkedelicias.com.br\/index.php\/wp-json\/wp\/v2\/product\/4531","targetHints":{"allow":["GET"]}}],"collection":[{"href":"https:\/\/kenkedelicias.com.br\/index.php\/wp-json\/wp\/v2\/product"}],"about":[{"href":"https:\/\/kenkedelicias.com.br\/index.php\/wp-json\/wp\/v2\/types\/product"}],"replies":[{"embeddable":true,"href":"https:\/\/kenkedelicias.com.br\/index.php\/wp-json\/wp\/v2\/comments?post=4531"}],"wp:featuredmedia":[{"embeddable":true,"href":"https:\/\/kenkedelicias.com.br\/index.php\/wp-json\/wp\/v2\/media\/4532"}],"wp:attachment":[{"href":"https:\/\/kenkedelicias.com.br\/index.php\/wp-json\/wp\/v2\/media?parent=4531"}],"wp:term":[{"taxonomy":"product_brand","embeddable":true,"href":"https:\/\/kenkedelicias.com.br\/index.php\/wp-json\/wp\/v2\/product_brand?post=4531"},{"taxonomy":"product_cat","embeddable":true,"href":"https:\/\/kenkedelicias.com.br\/index.php\/wp-json\/wp\/v2\/product_cat?post=4531"},{"taxonomy":"product_tag","embeddable":true,"href":"https:\/\/kenkedelicias.com.br\/index.php\/wp-json\/wp\/v2\/product_tag?post=4531"}],"curies":[{"name":"wp","href":"https:\/\/api.w.org\/{rel}","templated":true}]}}